{"id":684,"date":"2024-11-13T15:48:21","date_gmt":"2024-11-13T15:48:21","guid":{"rendered":"https:\/\/sachlich.ch\/?page_id=684"},"modified":"2024-11-13T20:47:26","modified_gmt":"2024-11-13T20:47:26","slug":"datenschutz","status":"publish","type":"page","link":"https:\/\/sachlich.ch\/?page_id=684","title":{"rendered":"Datenschutz"},"content":{"rendered":"\t\t<div data-elementor-type=\"wp-page\" data-elementor-id=\"684\" class=\"elementor elementor-684\" data-elementor-post-type=\"page\">\n\t\t\t\t\t\t<section class=\"elementor-section elementor-top-section elementor-element elementor-element-446c3f00 elementor-section-boxed elementor-section-height-default elementor-section-height-default elementor-invisible\" data-id=\"446c3f00\" data-element_type=\"section\" data-e-type=\"section\" data-settings=\"{&quot;animation&quot;:&quot;fadeInUp&quot;}\">\n\t\t\t\t\t\t<div class=\"elementor-container elementor-column-gap-default\">\n\t\t\t\t\t<div class=\"elementor-column elementor-col-100 elementor-top-column elementor-element elementor-element-56a6a840\" data-id=\"56a6a840\" data-element_type=\"column\" data-e-type=\"column\" data-settings=\"{&quot;background_background&quot;:&quot;classic&quot;}\">\n\t\t\t<div class=\"elementor-widget-wrap elementor-element-populated\">\n\t\t\t\t\t<div class=\"elementor-background-overlay\"><\/div>\n\t\t\t\t\t\t<div class=\"elementor-element elementor-element-4a36527a elementor-widget elementor-widget-heading\" data-id=\"4a36527a\" data-element_type=\"widget\" data-e-type=\"widget\" data-widget_type=\"heading.default\">\n\t\t\t\t<div class=\"elementor-widget-container\">\n\t\t\t\t\t<h2 class=\"elementor-heading-title elementor-size-default\">Datenschutz<\/h2>\t\t\t\t<\/div>\n\t\t\t\t<\/div>\n\t\t\t\t<div class=\"elementor-element elementor-element-16795c9e elementor-widget-mobile__width-initial elementor-widget elementor-widget-text-editor\" data-id=\"16795c9e\" data-element_type=\"widget\" data-e-type=\"widget\" data-widget_type=\"text-editor.default\">\n\t\t\t\t<div class=\"elementor-widget-container\">\n\t\t\t\t\t\t\t\t\t<p><strong>Datenschutzerkl\u00e4rung f\u00fcr die Kundschaft&nbsp; <\/strong><\/p>\n<p><\/p>\n<p>Mit dieser Datenschutzerkl\u00e4rung wird erl\u00e4utert, wie sachlich GmbH die Personendaten der Kundschaft bearbeitet.&nbsp;<\/p>\n<p><\/p>\n<ol>\n<li>Kontaktstelle und Verantwortliche<\/li>\n<\/ol>\n<p>sachlich GmbH, Im Ebnet 20, 8427 Rorbas, Patricia Bernardi<\/p>\n<p><\/p>\n<p>Bei Fragen \u00fcber unseren Umgang mit Personendaten oder sonstigen datenschutzrechtlichen Anliegen sind wir unter folgender e\u2010Mail\u2010Adresse erreichbar: info@sachlich.ch.<\/p>\n<p><\/p>\n<ol start=\"2\">\n<li>Bearbeitete Personendaten und Bearbeitungszwecke<\/li>\n<\/ol>\n<p>Im Rahmen eines Auftragsverh\u00e4ltnisses werden folgende Personendaten bearbeitet:&nbsp;<\/p>\n<p><\/p>\n<ul>\n<li>Kundendaten und Daten f\u00fcr die Auftragsverwaltung: Vor\u2010 und Nachname sowie Kontaktangaben der Ansprechpersonen, Position und Titel, zugeh\u00f6riges Unternehmen oder \u00f6ffentliches Organ, Stelle, Branche, allf\u00e4llige Querverbindungen (z.B. Gesellschafterin oder Gesellschafter oder nahestehende Personen) und weitere Hintergrundinformationen aus \u00f6ffentlich zug\u00e4nglichen Quellen (z.B. Handelsregister), allf\u00e4llige zuweisende Personen, Inhalte von Anfrage und Auftrag, involvierten Personen und deren Vertreterin\/Vertreter sowie weitere Angaben zur Pr\u00fcfung allf\u00e4lliger Interessenkonflikte.<\/li>\n<li>Auftragsdaten: Kommunikation mit der Kundschaft, Amtsstellen und Beh\u00f6rden, Dritten, Beratungsdokumentation, Informationen, die uns im Rahmen unserer Dienstleistungen von oder f\u00fcr die Kundschaft, von involvierten Personen, Beh\u00f6rden und weiteren Verfahrensbeteiligten bekanntgeben werden oder die wir im Rahmen unserer Dienstleistungen erstellen.<\/li>\n<li>Leistungs\u2010 und Abrechnungsdaten: Angaben \u00fcber die erbrachten und abgerechneten Leistungen, Rechnungsdaten, Leistungsnachweise, Rechnungen, Zahlungen, Bankverbindungen.<\/li>\n<\/ul>\n<p>Wir bearbeiten die Personendaten haupts\u00e4chlich, um unsere Dienstleistungen zu erbringen, zu dokumentieren, abzurechnen und zu verbessern. Dazu geh\u00f6rt die Bearbeitung zur Erf\u00fcllung rechtlicher Anforderungen (z.B. zur Pr\u00fcfung allf\u00e4lliger Interessenkonflikte) und zur Durchsetzung bzw. Abwehr von Rechtsanspr\u00fcchen. Wir bearbeiten die Personendaten unserer Kundschaft auch, um mit ihnen zu kommunizieren und ihre Anfragen zu beantworten.<\/p>\n<p><\/p>\n<p><\/p>\n<p>Wir speichern die Personendaten nur so lange, wie dies zur Abwicklung des Auftragsverh\u00e4ltnisses notwendig ist, eine gesetzliche Aufbewahrungs\u2010 und Dokumentationspflicht besteht oder wir daran ein \u00fcberwiegendes privates oder \u00f6ffentliches Interesse haben.<\/p>\n<ol start=\"3\">\n<li>Weitergabe von Personendaten<\/li>\n<\/ol>\n<p>Wir geben keine Personendaten ohne Einwilligung der betroffenen Person an Dritte weiter, ausser, dies erfolge im Zusammenhang mit der Auftragsbearbeitung oder ist die in dieser Datenschutzerkl\u00e4rung beschriebenen Zwecke erforderlich.<\/p>\n<p><\/p>\n<p>Zudem k\u00f6nnen wir Personendaten an Auftragsdatenbearbeitende weitergeben, insbesondere an IT\u2010Provider und andere Anbieterinnen\/Anbieter, die IT\u2010Applikationen zur Verf\u00fcgung stellen (z.B. Kollaborationsplattformen) oder Support und andere Dienstleistungen f\u00fcr die in dieser Datenschutzerkl\u00e4rung aufgef\u00fchrten Zwecke in unserem Auftrag erbringen.&nbsp;<\/p>\n<p><\/p>\n<ol start=\"4\">\n<li>Rechte der Betroffenen<\/li>\n<\/ol>\n<p>Personen, \u00fcber die wir Daten bearbeiten, haben das Recht, Auskunft der \u00fcber sie gespeicherten Personendaten und den Zweck der Datenbearbeitung gem\u00e4ss Art. 8 Bundesgesetz \u00fcber den Datenschutz vom 19. Juni 1992, bzw. nach dessen Inkrafttreten gem\u00e4ss Art. 25 Bundesgesetz \u00fcber den Datenschutz vom 25. September 2020, zu verlangen.&nbsp;<\/p>\n<p><\/p>\n<p>Betroffene Personen haben insbesondere auch das Recht auf Berichtigung sowie auf L\u00f6schung oder Einschr\u00e4nkung der Bearbeitung ihrer Personendaten, das Recht, der Bearbeitung zu widersprechen, das Recht auf Ergreifung eines Rechtsbehelfes bei einer zust\u00e4ndigen Aufsichtsbeh\u00f6rde sowie auf Daten\u00fcbermittlung\/\u00dcbertragbarkeit. Beachten Sie aber bitte, dass f\u00fcr diese Rechte Voraussetzungen und Ausnahmen gelten. Soweit rechtlich zul\u00e4ssig oder erforderlich, k\u00f6nnen wir Anfragen zur Aus\u00fcbung dieser Rechte ablehnen. So d\u00fcrfen oder m\u00fcssen wir die Personendaten allenfalls trotz Aufforderung zur L\u00f6schung der Personendaten oder Einschr\u00e4nkung der Bearbeitung aus rechtlichen Gr\u00fcnden aufbewahren oder anderweitig weiterbearbeiten.<\/p>\n<p><\/p>\n<p>Soweit unsere Bearbeitung auf Einwilligung beruht, hat jede\/jeder Betroffene das Recht, diese&nbsp;<span style=\"font-size: 16px; color: var( --e-global-color-dea41e4 );\">Einwilligung jederzeit mit Wirkung f\u00fcr die Zukunft zu widerrufen.&nbsp;<\/span><\/p>\n<p><\/p>\n<p>Sie k\u00f6nnen \u00fcberdies weitere Rechte gem\u00e4ss dem anwendbaren schweizerischen Datenschutzgesetz geltend machen.&nbsp;<\/p>\n<p><\/p>\n<p><\/p>\n<p><\/p>\n<p><\/p>\n<p>F\u00fcr die Aus\u00fcbung solcher Rechte k\u00f6nnen sich die betroffenen Personen an die oben erw\u00e4hnte Adresse wenden. Wir werden die Gesuche im Einklang mit dem anwendbaren schweizerischen Datenschutzgesetz bearbeiten und k\u00f6nnen diese gem\u00e4ss den gesetzlichen Regelungen \u2013 insbesondere aufgrund des Art. 26 Bundesgesetz \u00fcber den Datenschutz vom 25. September 2020 \u2010 auch ablehnen oder nur eingeschr\u00e4nkt erf\u00fcllen.&nbsp;<\/p>\n<p><\/p>\n<p>Eine betroffene Person hat zudem die im Datenschutzgesetz vorgesehene M\u00f6glichkeit, den Eidgen\u00f6ssischen Datenschutz\u2010 und \u00d6ffentlichkeitsbeauftragten zu kontaktieren (<u>www.edoeb.admin.ch<\/u>).&nbsp; &nbsp;<\/p>\n<ol start=\"5\">\n<li>Anpassung dieser Datenschutzerkl\u00e4rung<\/li>\n<\/ol>\n<p>Es ist keine Einwilligung seitens der Kundschaft, ihrer Mitarbeitenden oder anderen Kontaktpersonen in die Datenschutzerkl\u00e4rung notwendig. Es handelt sich bei der Datenschutzerkl\u00e4rung lediglich um die Information \u00fcber Art, Umfang und Zweck der Nutzung Personendaten durch sachlich GmbH.<\/p>\n<p><\/p>\n<p>&nbsp;sachlich GmbH beh\u00e4lt sich das Recht vor, den Inhalt der vorgenannten Datenschutzerkl\u00e4rung jederzeit und ohne Ank\u00fcndigung einseitig zu \u00e4ndern, zum Beispiel, wenn das Gesetz oder die Art, wie wir Personendaten bearbeiten, \u00e4ndern. Es wird daher empfohlen, die Datenschutzerkl\u00e4rung regelm\u00e4ssig auf unserer Website zu konsultieren.<\/p>\n<p><\/p>\n<p><\/p>\n<p><\/p>\n<p>Rorbas, 1.11.2024&nbsp;&nbsp;&nbsp;&nbsp;&nbsp;&nbsp;&nbsp;&nbsp;&nbsp;&nbsp;&nbsp;&nbsp;&nbsp;&nbsp;&nbsp;&nbsp;&nbsp;&nbsp;&nbsp;&nbsp;&nbsp;&nbsp;&nbsp;&nbsp;&nbsp;&nbsp;&nbsp;&nbsp;&nbsp;&nbsp;&nbsp;&nbsp;&nbsp;&nbsp;&nbsp;&nbsp;&nbsp;&nbsp;&nbsp;&nbsp;&nbsp;&nbsp;&nbsp;&nbsp;&nbsp;&nbsp;&nbsp;&nbsp;&nbsp;&nbsp;&nbsp;&nbsp;&nbsp;&nbsp;&nbsp;&nbsp;&nbsp;&nbsp;&nbsp;&nbsp;<\/p>\n<p><\/p>\n<p><\/p>\n<p><\/p>\n<p><\/p>\t\t\t\t\t\t\t\t<\/div>\n\t\t\t\t<\/div>\n\t\t\t\t\t<\/div>\n\t\t<\/div>\n\t\t\t\t\t<\/div>\n\t\t<\/section>\n\t\t\t\t<\/div>\n\t\t","protected":false},"excerpt":{"rendered":"<p>Datenschutz Datenschutzerkl\u00e4rung f\u00fcr die Kundschaft&nbsp; Mit dieser Datenschutzerkl\u00e4rung wird erl\u00e4utert, wie sachlich GmbH die Personendaten der Kundschaft bearbeitet.&nbsp; Kontaktstelle und Verantwortliche sachlich GmbH, Im Ebnet 20, 8427 Rorbas, Patricia Bernardi Bei Fragen \u00fcber unseren Umgang mit Personendaten oder sonstigen datenschutzrechtlichen Anliegen sind wir unter folgender e\u2010Mail\u2010Adresse erreichbar: info@sachlich.ch. Bearbeitete Personendaten und Bearbeitungszwecke Im Rahmen eines [&hellip;]<\/p>\n","protected":false},"author":1,"featured_media":0,"parent":0,"menu_order":0,"comment_status":"closed","ping_status":"closed","template":"","meta":{"ocean_post_layout":"","ocean_both_sidebars_style":"","ocean_both_sidebars_content_width":0,"ocean_both_sidebars_sidebars_width":0,"ocean_sidebar":"","ocean_second_sidebar":"","ocean_disable_margins":"enable","ocean_add_body_class":"","ocean_shortcode_before_top_bar":"","ocean_shortcode_after_top_bar":"","ocean_shortcode_before_header":"","ocean_shortcode_after_header":"","ocean_has_shortcode":"","ocean_shortcode_after_title":"","ocean_shortcode_before_footer_widgets":"","ocean_shortcode_after_footer_widgets":"","ocean_shortcode_before_footer_bottom":"","ocean_shortcode_after_footer_bottom":"","ocean_display_top_bar":"default","ocean_display_header":"default","ocean_header_style":"","ocean_center_header_left_menu":"","ocean_custom_header_template":"","ocean_custom_logo":0,"ocean_custom_retina_logo":0,"ocean_custom_logo_max_width":0,"ocean_custom_logo_tablet_max_width":0,"ocean_custom_logo_mobile_max_width":0,"ocean_custom_logo_max_height":0,"ocean_custom_logo_tablet_max_height":0,"ocean_custom_logo_mobile_max_height":0,"ocean_header_custom_menu":"","ocean_menu_typo_font_family":"","ocean_menu_typo_font_subset":"","ocean_menu_typo_font_size":0,"ocean_menu_typo_font_size_tablet":0,"ocean_menu_typo_font_size_mobile":0,"ocean_menu_typo_font_size_unit":"px","ocean_menu_typo_font_weight":"","ocean_menu_typo_font_weight_tablet":"","ocean_menu_typo_font_weight_mobile":"","ocean_menu_typo_transform":"","ocean_menu_typo_transform_tablet":"","ocean_menu_typo_transform_mobile":"","ocean_menu_typo_line_height":0,"ocean_menu_typo_line_height_tablet":0,"ocean_menu_typo_line_height_mobile":0,"ocean_menu_typo_line_height_unit":"","ocean_menu_typo_spacing":0,"ocean_menu_typo_spacing_tablet":0,"ocean_menu_typo_spacing_mobile":0,"ocean_menu_typo_spacing_unit":"","ocean_menu_link_color":"","ocean_menu_link_color_hover":"","ocean_menu_link_color_active":"","ocean_menu_link_background":"","ocean_menu_link_hover_background":"","ocean_menu_link_active_background":"","ocean_menu_social_links_bg":"","ocean_menu_social_hover_links_bg":"","ocean_menu_social_links_color":"","ocean_menu_social_hover_links_color":"","ocean_disable_title":"default","ocean_disable_heading":"default","ocean_post_title":"","ocean_post_subheading":"","ocean_post_title_style":"","ocean_post_title_background_color":"","ocean_post_title_background":0,"ocean_post_title_bg_image_position":"","ocean_post_title_bg_image_attachment":"","ocean_post_title_bg_image_repeat":"","ocean_post_title_bg_image_size":"","ocean_post_title_height":0,"ocean_post_title_bg_overlay":0.5,"ocean_post_title_bg_overlay_color":"","ocean_disable_breadcrumbs":"default","ocean_breadcrumbs_color":"","ocean_breadcrumbs_separator_color":"","ocean_breadcrumbs_links_color":"","ocean_breadcrumbs_links_hover_color":"","ocean_display_footer_widgets":"default","ocean_display_footer_bottom":"default","ocean_custom_footer_template":"","footnotes":""},"class_list":["post-684","page","type-page","status-publish","hentry","entry"],"_links":{"self":[{"href":"https:\/\/sachlich.ch\/index.php?rest_route=\/wp\/v2\/pages\/684","targetHints":{"allow":["GET"]}}],"collection":[{"href":"https:\/\/sachlich.ch\/index.php?rest_route=\/wp\/v2\/pages"}],"about":[{"href":"https:\/\/sachlich.ch\/index.php?rest_route=\/wp\/v2\/types\/page"}],"author":[{"embeddable":true,"href":"https:\/\/sachlich.ch\/index.php?rest_route=\/wp\/v2\/users\/1"}],"replies":[{"embeddable":true,"href":"https:\/\/sachlich.ch\/index.php?rest_route=%2Fwp%2Fv2%2Fcomments&post=684"}],"version-history":[{"count":0,"href":"https:\/\/sachlich.ch\/index.php?rest_route=\/wp\/v2\/pages\/684\/revisions"}],"wp:attachment":[{"href":"https:\/\/sachlich.ch\/index.php?rest_route=%2Fwp%2Fv2%2Fmedia&parent=684"}],"curies":[{"name":"wp","href":"https:\/\/api.w.org\/{rel}","templated":true}]}}